{"id":2448,"date":"2015-07-01T15:26:19","date_gmt":"2015-07-01T13:26:19","guid":{"rendered":"http:\/\/wordpress.salzburger-hof.at\/aktiv-region-hochkoenig\/skiurlaub-hochkoenig\/?lang=en"},"modified":"2023-10-02T16:00:51","modified_gmt":"2023-10-02T14:00:51","slug":"skiing-holiday-hochkoenig","status":"publish","type":"page","link":"https:\/\/www.salzburger-hof.at\/en\/activities-region-hochkoenig\/skiing-holiday-hochkoenig\/","title":{"rendered":"Skiing"},"content":{"rendered":"<div class=\"wpb-content-wrapper\"><p>[vc_row][vc_column][vc_column_text]<\/p>\n<h2>Skiing holiday in Dienten in the skiing area of Ski amad\u00e9<\/h2>\n<p>[\/vc_column_text][vc_column_text]<\/p>\n<h1>Skiing in the area of the Hochk\u00f6nig<\/h1>\n<p>[\/vc_column_text][\/vc_column][\/vc_row][vc_row][vc_column][vc_column_text]<\/p>\n<p style=\"text-align: center;\">Spend a marvellous skiing holiday in Dienten in the Salzburger Land. The Ski amad\u00e9 is Austria&#8217;s biggest ski network and encompasses the family friendly ski region Hochk\u00f6nig, with the locations Dienten, Maria Alm and M\u00fchlbach. A free ski shuttle goes directly from the <a href=\"https:\/\/www.salzburger-hof.at\/\">Hotel Salzburger Hof<\/a> to the valley stations of the ski lifts and straight into a wonderful winter wonderland, based on high-quality skiing. In this skiing region, snowboarders, freestylers, powder-skiers, families and those, who are simply passionate skiers, get their money&#8217;s worth. In your family hotel you will find both, numerous benefits for skiers and a selection of relaxing treatments, e.g. the spa oasis with Finnish sauna, infrared cabin, whirlpool and various relaxing massages. Outstanding piste conditions in a high-alpine setting, enough space for every skier on the slope and the unique panorama all around &#8211; that is what describes skiing on the Hochk\u00f6nig best.<\/p>\n<p>[\/vc_column_text][\/vc_column][\/vc_row][vc_row][vc_column][vc_single_image image=&#34;6401&#8243; img_size=&#34;gross&#34;][\/vc_column][\/vc_row][vc_row full_width=&#34;stretch_row&#34; bg_type=&#34;bg_color&#34; bg_override=&#34;full&#34; el_class=&#34;abstand&#34; bg_color_value=&#34;#fbf0e0&#8243;][vc_column][vc_row_inner css=&#34;.vc_custom_1443077534015{margin-bottom: 20px !important;}&#34;][vc_column_inner][vc_column_text]<\/p>\n<h3>Skiing &amp; snowboarding in the ski region Hochk\u00f6nig, Ski amad\u00e9<\/h3>\n<p>[\/vc_column_text][\/vc_column_inner][\/vc_row_inner][vc_row_inner][vc_column_inner][vc_column_text el_class=&#34;mehrspaltig&#34;]<\/p>\n<ul>\n<li>The <a href=\"https:\/\/www.skiamade.com\/de\/winter\/skiregionen\/pistenpanorama?zoom=77\" target=\"_blank\" rel=\"noopener nofollow\">ski region Hochk\u00f6nig<\/a> encompasses <a href=\"https:\/\/www.skiamade.com\/de\/winter\/skiregionen\/pistenpanorama?zoom=91\" target=\"_blank\" rel=\"noopener nofollow\">Dienten<\/a>, <a href=\"https:\/\/www.skiamade.com\/de\/winter\/skiregionen\/pistenpanorama?zoom=115\" target=\"_blank\" rel=\"noopener nofollow\">Maria Alm<\/a> &amp; <a href=\"https:\/\/www.skiamade.com\/de\/winter\/skiregionen\/pistenpanorama?zoom=1780\" target=\"_blank\" rel=\"noopener nofollow\">M\u00fchlbach<\/a><\/li>\n<li>120 kilometres of slopes &amp; 33 modern lifts<\/li>\n<li>Family friendly ski region with manageable slopes<\/li>\n<li>Snow guarantee<\/li>\n<li>Annual awards for ski area, cleanliness &amp; hygiene on various platforms<\/li>\n<li><a href=\"https:\/\/www.hochkoenig.at\/de\/winter\/skigebiet\/einzigartige-koenigstour-vor-majestaetischer-kulisse.html\" target=\"_blank\" rel=\"noopener nofollow\">Hochk\u00f6nig Tour<\/a> &#8211; the most beautiful ski trail: with a length of 35 km &amp; a difference in altitude of 7.500 m<\/li>\n<li>Fun parks: beginners park Natrun, <a href=\"https:\/\/www.hochkoenig.at\/de\/infrastruktur\/muehlbach-kings-park-muehlbach.html\" target=\"_blank\" rel=\"noopener nofollow\">Blue Tomato Kings Park M\u00fchlbach<\/a>, Livingroom snow park and banked park Hochkeil\/M\u00fchlbach<\/li>\n<li>Fun slope Sch\u00f6nanger am Aberg<\/li>\n<li>Night skiing at the Simmerlift in Maria Alm (1x free entry with the <a href=\"https:\/\/www.salzburger-hof.at\/en\/activities-region-hochkoenig\/hochkoenig-card\/\">Hochk\u00f6nig Card<\/a>), early morning skiing possible<\/li>\n<li>The ski region is located in the ski network Ski amad\u00e9 (overall 760 kilometres of slopes &amp; 270 lifts)<\/li>\n<li>Ski school in Dienten: <a href=\"https:\/\/www.skischule-dienten.at\/\" target=\"_blank\" rel=\"noopener nofollow\">Ski school Dienten<\/a>, <a href=\"https:\/\/www.skischule-top.com\/\" target=\"_blank\" rel=\"noopener nofollow\">Ski school Top<\/a><\/li>\n<li>Ski rental in Dienten: <a href=\"https:\/\/www.portis.at\/de\/sportgeschaeft-hochkoenig\/shop\/\" target=\"_blank\" rel=\"noopener nofollow\">Porti-Sport<\/a>, <a href=\"https:\/\/www.sportklaus.at\/\" target=\"_blank\" rel=\"noopener nofollow\">Sport Klaus<\/a><\/li>\n<li>Rustic huts &amp; apr\u00e8s ski pubs offside the slopes in the ski region<\/li>\n<li>Free ski shuttle to the lifts Maria Alm, M\u00fchlbach &amp; Dienten, <strong>bus stop for the ski shuttle directly next to the hotel<\/strong><\/li>\n<li><strong>Further benefits concerning skiing are offered at the Salzburger Hof<\/strong><\/li>\n<\/ul>\n<p>[\/vc_column_text][\/vc_column_inner][\/vc_row_inner][vc_row_inner][vc_column_inner width=&#34;1\/2&#8243;][vc_column_text el_class=&#34;strech&#34;]<\/p>\n<p><span class=\"button-block\"><a class=\"fbx-link fbx-instance\" href=\"https:\/\/ticket.skiamade.com\/skiamade\/calculator\/?iframe=true&amp;width=820&amp;height=700\" target=\"foobox\" rel=\"noopener nofollow\">Ski pass calculator<\/a><\/span><\/p>\n<p>[\/vc_column_text][\/vc_column_inner][vc_column_inner width=&#34;1\/2&#8243;][vc_column_text el_class=&#34;strech&#34;]<\/p>\n<p><span class=\"button-block\"><a href=\"https:\/\/www.skiamade.com\/de\/winter\/skiregionen\/pistenpanorama?zoom=77\" target=\"_blank\" rel=\"noopener nofollow\">Interactive slope panorama<\/a><\/span><\/p>\n<p>[\/vc_column_text][\/vc_column_inner][\/vc_row_inner][\/vc_column][\/vc_row][vc_row][vc_column width=&#34;1\/3&#8243;][vc_single_image image=&#34;7009&#8243; img_size=&#34;medium&#34; onclick=&#34;img_link_large&#34;][\/vc_column][vc_column width=&#34;1\/3&#8243;][vc_single_image image=&#34;7007&#8243; img_size=&#34;medium&#34; onclick=&#34;img_link_large&#34;][\/vc_column][vc_column width=&#34;1\/3&#8243;][vc_single_image image=&#34;6999&#8243; img_size=&#34;medium&#34; onclick=&#34;img_link_large&#34;][\/vc_column][\/vc_row][vc_row][vc_column][vc_column_text css=&#34;.vc_custom_1696255119234{margin-bottom: 25px !important;}&#34;]<\/p>\n<h3>Your benefits for your ski holiday at the Salzburger Hof<\/h3>\n<p>[\/vc_column_text][vc_row_inner][vc_column_inner][vc_column_text el_class=&#34;mehrspaltig&#34;]<\/p>\n<ul>\n<li>The nearest valley station is about 550 m away from the Salzburger Hof<\/li>\n<li>A bus stop for the ski shuttle is situated directly in front of the hotel, the shuttle is free of charge<\/li>\n<li>Ski cellar, ski boots drying room with heatable dryer<\/li>\n<li>The ski school &amp; skiing lessons can be booked in the hotel<\/li>\n<li>Booking of ski rental available<\/li>\n<li>Skiing race for guests<\/li>\n<li>Ski show including evening torchlight hike<\/li>\n<\/ul>\n<p>[\/vc_column_text][\/vc_column_inner][\/vc_row_inner][\/vc_column][\/vc_row][vc_row][vc_column width=&#34;1\/2&#8243;][vc_column_text]<\/p>\n<p><span class=\"button-block\"><a href=\"https:\/\/www.salzburger-hof.at\/en\/activities-region-hochkoenig\/winterholiday-hochkoenig\/\">More winter activities<\/a><\/span><\/p>\n<p>[\/vc_column_text][\/vc_column][vc_column width=&#34;1\/2&#8243;][vc_column_text]<\/p>\n<p><span class=\"button-block\"><a href=\"https:\/\/www.salzburger-hof.at\/en\/activities-region-hochkoenig\/weather-in-dienten\/\">Weather &amp; webcams<\/a><\/span><\/p>\n<p>[\/vc_column_text][\/vc_column][\/vc_row]<\/p>\n<\/div>","protected":false},"excerpt":{"rendered":"<p>[vc_row][vc_column][vc_column_text] Skiing holiday in Dienten in the skiing area of Ski amad\u00e9 [\/vc_column_text][vc_column_text] Skiing in the area of the Hochk\u00f6nig [\/vc_column_text][\/vc_column][\/vc_row][vc_row][vc_column][vc_column_text] Spend a marvellous skiing holiday in Dienten in the Salzburger Land. The Ski amad\u00e9 is Austria&#8217;s biggest ski network and encompasses the family friendly ski region Hochk\u00f6nig, with the locations Dienten, Maria Alm and [&hellip;]<\/p>\n","protected":false},"author":1,"featured_media":5694,"parent":2420,"menu_order":0,"comment_status":"closed","ping_status":"closed","template":"","meta":{"_acf_changed":false,"footnotes":""},"class_list":["post-2448","page","type-page","status-publish","has-post-thumbnail","hentry"],"acf":[],"_links":{"self":[{"href":"https:\/\/www.salzburger-hof.at\/en\/wp-json\/wp\/v2\/pages\/2448","targetHints":{"allow":["GET"]}}],"collection":[{"href":"https:\/\/www.salzburger-hof.at\/en\/wp-json\/wp\/v2\/pages"}],"about":[{"href":"https:\/\/www.salzburger-hof.at\/en\/wp-json\/wp\/v2\/types\/page"}],"author":[{"embeddable":true,"href":"https:\/\/www.salzburger-hof.at\/en\/wp-json\/wp\/v2\/users\/1"}],"replies":[{"embeddable":true,"href":"https:\/\/www.salzburger-hof.at\/en\/wp-json\/wp\/v2\/comments?post=2448"}],"version-history":[{"count":0,"href":"https:\/\/www.salzburger-hof.at\/en\/wp-json\/wp\/v2\/pages\/2448\/revisions"}],"up":[{"embeddable":true,"href":"https:\/\/www.salzburger-hof.at\/en\/wp-json\/wp\/v2\/pages\/2420"}],"wp:featuredmedia":[{"embeddable":true,"href":"https:\/\/www.salzburger-hof.at\/en\/wp-json\/wp\/v2\/media\/5694"}],"wp:attachment":[{"href":"https:\/\/www.salzburger-hof.at\/en\/wp-json\/wp\/v2\/media?parent=2448"}],"curies":[{"name":"wp","href":"https:\/\/api.w.org\/{rel}","templated":true}]}}