{"id":2446,"date":"2015-07-01T15:28:30","date_gmt":"2015-07-01T13:28:30","guid":{"rendered":"http:\/\/wordpress.salzburger-hof.at\/aktiv-region-hochkoenig\/wandern-hochkoenig\/?lang=en"},"modified":"2023-10-02T16:53:52","modified_gmt":"2023-10-02T14:53:52","slug":"hiking-hochkoenig","status":"publish","type":"page","link":"https:\/\/www.salzburger-hof.at\/en\/activities-region-hochkoenig\/hiking-hochkoenig\/","title":{"rendered":"Hiking"},"content":{"rendered":"<div class=\"wpb-content-wrapper\"><p>[vc_row][vc_column][vc_column_text]<\/p>\n<h2>Hiking holiday in Dienten, in the countryside of the Salzburger Land<\/h2>\n<p>[\/vc_column_text][vc_column_text]<\/p>\n<h1>Hiking in the area of the Hochk\u00f6nig<\/h1>\n<p>[\/vc_column_text][\/vc_column][\/vc_row][vc_row][vc_column][vc_column_text]<\/p>\n<p>Experience unforgettable views from the majestic summits, discover the blooming intact nature, enjoy local food and beverages in traditionally-run alpine farms &#8211; a hiking holiday in Dienten am Hochk\u00f6nig in the Salzburger Land is the guarantee for an extraordinary adventure. Numerous hiking and mountain trails, long-distance trails and themed walks can be expected between the rugged mountain range of the Hochk\u00f6nig and the grass-covered mountains in Dienten. The trails around the <a href=\"https:\/\/www.salzburger-hof.at\/\">Salzburger Hof<\/a> are very well suited for families. The Hochk\u00f6nig is known as an Eldorado for climbing and mountaineering too. We ourselves are enthusiastic mountaineers and thus feel honored that our hotel has been awarded with the Austrian Hiking Quality Seal. The Hotel Salzburger Hof provides our guests with everything required for a successful hiking holiday, which remains in positive memory!<\/p>\n<p>[\/vc_column_text][vc_column_text]<\/p>\n<p style=\"text-align: center;\"><span class=\"button-block\"><a class=\"btn btn-block btn-schmal\" href=\"https:\/\/www.salzburger-hof.at\/en\/request-booking\/non-committal-request\/\">All inclusive from \u20ac 78,- per person &#8211; enquire now<\/a><\/span><\/p>\n<p>[\/vc_column_text][\/vc_column][\/vc_row][vc_row][vc_column][vc_single_image image=&#34;7028&#8243; img_size=&#34;gross&#34;][\/vc_column][\/vc_row][vc_row full_width=&#34;stretch_row&#34; bg_type=&#34;bg_color&#34; bg_override=&#34;full&#34; el_class=&#34;abstand&#34; bg_color_value=&#34;#fbf0e0&#8243; css=&#34;.vc_custom_1440667454450{margin-bottom: 0px !important;}&#34;][vc_column][vc_column_text css=&#34;.vc_custom_1447315489031{margin-bottom: 30px !important;}&#34;]<\/p>\n<h3>Hiking, mountaineering &amp; climbing in the area of the Hochk\u00f6nig<\/h3>\n<p>[\/vc_column_text][vc_row_inner][vc_column_inner width=&#34;1\/2&#8243;][vc_column_text el_class=&#34;aufzaehlungen&#34;]<\/p>\n<ul>\n<li>A total of 340 km long <a href=\"https:\/\/www.hochkoenig.at\/de\/sommer\/wandern\/tourenportal.html#bm=oac%3Asummer&amp;cat=Wanderung&amp;filter=r-fullyTranslatedLangus-,r-onlyOpened-,sb-sortedBy-0&amp;ov=mtb&amp;zc=12,12.96833,47.40067\" target=\"_blank\" rel=\"noopener nofollow\">well-signposted hiking network<\/a> with different levels of difficulty<\/li>\n<li>Awarded with the Austria Quality Hiking Seal<\/li>\n<li>Guided herbal hikes, adventure hiking tours &#8211; theme-based trails, particularly for families<\/li>\n<li>Long-distance trails, e.g. &#34;K\u00f6nigsweg&#34;, pilgrim paths<\/li>\n<li>The <a href=\"https:\/\/www.salzburgerland.com\/de\/salzburger-almenweg\/\" target=\"_blank\" rel=\"noopener nofollow\">Salzburger Almenweg<\/a> leads through the beautiful region<\/li>\n<li>Enjoy hiking trails for your senses with the 6 summer lifts<\/li>\n<\/ul>\n<p>[\/vc_column_text][\/vc_column_inner][vc_column_inner width=&#34;1\/2&#8243;][vc_column_text]<\/p>\n<ul>\n<li>Advanced <a href=\"https:\/\/www.hochkoenig.at\/de\/sommer\/wandern\/tourenportal.html#bm=oac%3Asummer&amp;cat=Bergtour&amp;filter=r-fullyTranslatedLangus-,r-onlyOpened-,sb-sortedBy-0&amp;ov=mtb&amp;zc=12,12.96833,47.40067\" target=\"_blank\" rel=\"noopener nofollow\">mountain tours<\/a>, famous climbing paradise Hochk\u00f6nig<\/li>\n<li>Sport climbing tours (level of difficulty 4. &#8211; 6.) in the Alpin Park Dienten<\/li>\n<li><a href=\"https:\/\/www.hochkoenig.at\/de\/region\/service-kontakt\/liste-infrastruktur.html?action=filter&amp;pagesize=12&amp;sort=1&amp;lang=de&amp;categories=252\" target=\"_blank\" rel=\"noopener nofollow\">Alpine hut<\/a> &amp; so-called &#34;Kr\u00e4uteralmen&#34;, which offer delicious traditional specialities<\/li>\n<li>Guided hiking tours free of charge in Dienten, M\u00fchlbach &amp; Maria Alm<\/li>\n<li>Hiking tours can also be started directly from the Hotel Salzburger Hof<\/li>\n<li>More offers about hiking tours and equipment are provided by the hotel itself<\/li>\n<\/ul>\n<p>[\/vc_column_text][\/vc_column_inner][\/vc_row_inner][\/vc_column][\/vc_row][vc_row][vc_column width=&#34;1\/3&#8243;][vc_single_image image=&#34;7030&#8243; img_size=&#34;medium&#34; onclick=&#34;img_link_large&#34;][\/vc_column][vc_column width=&#34;1\/3&#8243;][vc_single_image image=&#34;7032&#8243; img_size=&#34;medium&#34; onclick=&#34;img_link_large&#34;][\/vc_column][vc_column width=&#34;1\/3&#8243;][vc_single_image image=&#34;7034&#8243; img_size=&#34;medium&#34; onclick=&#34;img_link_large&#34;][\/vc_column][\/vc_row][vc_row][vc_column][vc_row_inner content_placement=&#34;bottom&#34; css=&#34;.vc_custom_1690887065238{margin-bottom: 20px !important;}&#34;][vc_column_inner width=&#34;3\/4&#8243; css=&#34;.vc_custom_1440598525859{margin-top: 50px !important;}&#34;][vc_column_text css=&#34;.vc_custom_1690957886231{margin-bottom: 30px !important;}&#34;]<\/p>\n<h5>Your hiking benefits at the family hotel Salzburger Hof<\/h5>\n<p>[\/vc_column_text][\/vc_column_inner][vc_column_inner width=&#34;1\/4&#8243;][vc_single_image image=&#34;1534&#8243; img_size=&#34;small&#34; alignment=&#34;&#34;][\/vc_column_inner][\/vc_row_inner][vc_column_text]<\/p>\n<ul>\n<li><strong>Free hiking shuttle<\/strong>: With the <a href=\"https:\/\/www.salzburger-hof.at\/\">Hochk\u00f6nig Card<\/a>, which you will receive free and directly at our hotel, you will have the opportunity to use the <a href=\"https:\/\/www.hochkoenig.at\/topbilder\/pdf\/prospekte\/wanderbusplan2015.pdf\" target=\"_blank\" rel=\"noopener nofollow\">hiking shuttle<\/a> around the area of the Hochk\u00f6nig. So you can start your hiking tours easily and conveniently.<\/li>\n<li><strong>2 guided tours per week<\/strong><\/li>\n<li><strong>Professional hiking guide from the hotel:<\/strong> <a class=\"fbx-link\" href=\"https:\/\/www.salzburger-hof.at\/wp-content\/uploads\/wandern-mit-otti-bacher-sen-1.jpg\" rel=\"magnific\">Otti Bacher Senior<\/a> runs the guided hiking tours at our hotel. Due to his longtime experience and his passion for the mountains, he shows you the marvellous nature around the Hochk\u00f6nig. What is more, he explains interesting facts about flora and fauna and shows you the perfect backdrop for unforgettable holiday pictures. As an active member of the mountain rescue Dienten, he is well educated about possible risks and dangers in the mountains and he will certainly give you individual tips or will recommend you some good hiking trails. In Otti&#8217;s touring guide you will find well-known names like Matterhorn (CH), Gro\u00dfglockner (AT), Gro\u00dfvenediger (AT \u2013 5<sup>th<\/sup> highest mountain in Austria), Wiesbachhorn (AT \u2013 3<sup>rd<\/sup> highest mountain of the &#34;Glockner group&#34;) and of course numerous Dolomite peaks.<\/li>\n<li><strong>Bacher\u2019s hiking service<\/strong>: a huge map of trails, a service corner with suggestions for hiking and mountaineering tours, a service corner with weather forecast, hiking tips, booking of alpine guides &amp; overnight stays in alpine huts<\/li>\n<li><strong>Rental hiking equipment<\/strong>, boots drying room with heatable dryer<\/li>\n<li>Meeting point for hiking tours in front of the hotel, <strong>hiking tours can also be started directly from the hotel<\/strong><\/li>\n<\/ul>\n<p>[\/vc_column_text][\/vc_column][\/vc_row][vc_row full_width=&#34;stretch_row&#34; bg_type=&#34;bg_color&#34; bg_override=&#34;full&#34; el_class=&#34;abstand&#34; bg_color_value=&#34;#fbf0e0&#8243;][vc_column][vc_column_text]<\/p>\n<h5>Salzburger Hof hiking recommendations<\/h5>\n<p>[\/vc_column_text][vc_tta_accordion active_section=&#34;0&#8243; collapsible_all=&#34;true&#34;][vc_tta_section title=&#34;Adventure hiking tours&#34; tab_id=&#34;1690887092228-0a31a3ff-30c4&#8243;][vc_row_inner][vc_column_inner width=&#34;1\/2&#8243;][vc_column_text]<\/p>\n<h5>Marmot trail<\/h5>\n<p><strong>Tour description:<\/strong> For around 2 generations now the marmots have taken up residence in the deep layers around the Schweizer Hut and the Arthurhaus. Since then they inhabit this area and are a genuine highlight for hikers and walkers. It is so seldom, that one can observe these animals so close up in their natural habitat. Not just an experience for children.[\/vc_column_text][\/vc_column_inner][vc_column_inner width=&#34;1\/2&#8243;][vc_column_text]<\/p>\n<h5>Forest adventure trail<\/h5>\n<p><strong>Tour description:<\/strong> The forest adventure trail with its interactive stations will amaze you and your children. Discover everything along the way about the wonderful world of the spruce forest and its inhabitants.[\/vc_column_text][\/vc_column_inner][\/vc_row_inner][vc_row_inner][vc_column_inner width=&#34;1\/2&#8243;][vc_column_text]<\/p>\n<h5>Butterfly adventure trail<\/h5>\n<p><strong>Tour description:<\/strong> A fascinating insight into the world of the butterflies, where you can test your knowledge on the quiz board at the end of the adventure trail. Suitable for pushchairs![\/vc_column_text][\/vc_column_inner][vc_column_inner width=&#34;1\/2&#8243;][vc_column_text]<\/p>\n<h5>Myths &amp; legends trails<\/h5>\n<p><strong>Tour description:<\/strong> There are 12 different sagas to tell about the region of the Hochk\u00f6nig. Each saga has its own individual hiking trail which leads from beautiful pastures and family hikes right up to challenging mountain tours. Large notice boards describe the incidents at the beginning with pictures and texts.[\/vc_column_text][\/vc_column_inner][\/vc_row_inner][\/vc_tta_section][vc_tta_section title=&#34;Easy hiking trails&#34; tab_id=&#34;1690887092251-65910084-2fa7&#8243;][vc_row_inner][vc_column_inner width=&#34;1\/2&#8243;][vc_column_text]<\/p>\n<h5>Bauernweg \u2013 Sonnberg<\/h5>\n<p><strong>Level of difficulty:<\/strong> easy<\/p>\n<p><strong>Length of trail:<\/strong> 5,5 km<\/p>\n<p><strong>Duration:<\/strong> approx. 1,5 &#8211; 2 hours<\/p>\n<p><strong>Ascent:<\/strong> 100 altitude diff.<\/p>\n<p><strong>Start:<\/strong> Feroli<\/p>\n<p><strong>Type:<\/strong> extended tour, suitable for families<\/p>\n<p><strong>Tour description: <\/strong>From the bus stop at Keilbr\u00fccke left over the bridge along the path no. 59, on an asphalt agricultural road past lots of farms with their wonderful facades to the Lindlbauer. The path starts to go lightly uphill, past the Salchegghof and joins on the right into the next path no. 59. Follow this and after approx. 15 min. you will reach the Feroli bus stop. On this trail there are a lot of branches for beautiful walks, e.g. Einersbachgraben, to the Hirscheggalm or Huberalm and to the K\u00f6nigsbergalm.[\/vc_column_text][\/vc_column_inner][vc_column_inner width=&#34;1\/2&#8243;][vc_column_text]<\/p>\n<h5>Filzensattel &#8211; Gr\u00fcnegg<\/h5>\n<p><strong>Level of difficulty:<\/strong> easy<\/p>\n<p><strong>Length of trail:<\/strong> approx. 9 km<\/p>\n<p><strong>Duration:<\/strong> approx. 1,5 hours<\/p>\n<p><strong>Ascent:<\/strong> 250 altitude diff.<\/p>\n<p><strong>Type:<\/strong> circuit tour, family suitable<\/p>\n<p><strong>Tour description:<\/strong> Take the scheduled public bus to the Filzensattel bus stop. From here follow the Forststra\u00dfe no. 50 towards the Gr\u00fcnegg restaurant. After approx. 1 hour either take path no. 53c which is an easy path branching off to the left or 10 min. later the normal path no. 12 which branches off to the Gr\u00fcnegg restaurant. From here there is a beautiful view of the Hochk\u00f6nig-Massiv.[\/vc_column_text][\/vc_column_inner][\/vc_row_inner][vc_row_inner][vc_column_inner width=&#34;1\/2&#8243;][vc_column_text]<\/p>\n<h5>Hirscheggalm &#8211; B\u00fcrglalm &#8211; Dienten<\/h5>\n<p><strong>Level of difficulty:<\/strong> easy<\/p>\n<p><strong>Length of trail:<\/strong> 7,6 km<\/p>\n<p><strong>Duration:<\/strong> approx. 1,5 \u2013 2 hours<\/p>\n<p><strong>Ascent:<\/strong> 500 altitude diff.<\/p>\n<p><strong>Start:<\/strong> Dienten village<\/p>\n<p><strong>Type:<\/strong> mountain pastures and huts hike<\/p>\n<p><strong>Tour description:<\/strong> In the middle of the village the Forststra\u00dfe leads off left after the House Dienten towards the Hirscheggalm. After a 45 min. walk the path branches off to the left to the B\u00fcrglalm where you can take a break. During the climb and the descent you can savour the wonderful view of the Hochk\u00f6nig.[\/vc_column_text][\/vc_column_inner][vc_column_inner width=&#34;1\/2&#8243;][vc_column_text]<\/p>\n<h5>Mountain huts safari in Dienten at the Hochk\u00f6nig<\/h5>\n<p><strong>Level of difficulty:<\/strong> easy<\/p>\n<p><strong>Length of trail:<\/strong> 17,6 km<\/p>\n<p><strong>Duration:<\/strong> approx. 6 hours<\/p>\n<p><strong>Ascent:<\/strong> 1200 altitude diff.<\/p>\n<p><strong>Start:<\/strong> Dienten village<\/p>\n<p><strong>Type:<\/strong> mountain pastures and huts hike<\/p>\n<p><strong>Tour description: <\/strong>It&#8217;s called the Mountain huts safari for a reason! A beautiful circuit tour which leads over mountain pastures and romantic forest trails with lots of opportunities to stop off for some refreshment at one of the many farmed huts. This circuit tour starts in the Dienten village centre with a total walking time of 6 hours. It&#8217;s also possible to do this tour in stages choosing them individually.[\/vc_column_text][\/vc_column_inner][\/vc_row_inner][\/vc_tta_section][vc_tta_section title=&#34;Medium &amp; difficult hikes&#34; tab_id=&#34;1690887151472-540b1953-c74a&#34;][vc_row_inner][vc_column_inner width=&#34;1\/2&#8243;][vc_column_text]<\/p>\n<h5>Enzenalmrundweg<\/h5>\n<p><strong>Level of difficulty:<\/strong> medium<\/p>\n<p><strong>Length of trail:<\/strong> 5,0 km<\/p>\n<p><strong>Duration:<\/strong> approx. 2 hours<\/p>\n<p><strong>Ascent:<\/strong> 200 altitude diff.<\/p>\n<p><strong>Start:<\/strong> Hinterthal Church<\/p>\n<p><strong>Type:<\/strong> circuit tour with faunal and botanical highlights, suitable for families<\/p>\n<p><strong>Tour description:<\/strong> In Hinterthal pass the church (trail no. 431) and walk along the Urslau to the Triefen, a natural monument. Shortly afterwards it turns right further on over the Willi Schwaigerweg no. 32 to the Enzenalm (not farmed). Take descent via trail no. 32a and 415 to Hinterthal. The overhanging rocks with water dripping through the rocks, is particularly interesting.[\/vc_column_text][\/vc_column_inner][vc_column_inner width=&#34;1\/2&#8243;][vc_column_text]<\/p>\n<h5>Dorf Dienten \u2013 Sommerer Alm &#8211; Lettenalm \u2013 Klingspitz \u2013 Reicheralm \u2013 Gr\u00fcnegg \u2013 Dorf Dienten<\/h5>\n<p><strong>Level of difficulty:<\/strong> medium to difficult<\/p>\n<p><strong>Length of trail:<\/strong> 16,3 km<\/p>\n<p><strong>Duration:<\/strong> approx. 6 hours<\/p>\n<p><strong>Ascent:<\/strong> 1000 altitude diff.<\/p>\n<p><strong>Start:<\/strong> Dienten village<\/p>\n<p><strong>Type:<\/strong> lovely scenic route tour for walkers who have a good condition<\/p>\n<p><strong>Tour description:<\/strong> From Dienten, the trail takes you over the Bergkirche to the hiking trail no. 440 which leads you via the Sommerer Alm to the Lettenalm, the Grinnk\u00f6pfl to the Marbachh\u00f6he. After a relatively flat part along the Marbachh\u00f6he the path separates below the summit. Follow the direct climb no. 14a, from where you will reach the Klingspitz (1.988 m) after about 30 min. The way back is partly along the same way until it branches off to the Reicheralm no. 11. From there on it takes you over the Forstweg no. 54 to the Gr\u00fcneggbauer (no. 50) and further along Trail no. 53b via the Church back to the village.[\/vc_column_text][\/vc_column_inner][\/vc_row_inner][vc_row_inner][vc_column_inner width=&#34;1\/2&#8243;][vc_column_text]<\/p>\n<h5>Klingspitz\u00fcberschreitung<\/h5>\n<p><strong>Level of difficulty:<\/strong> difficult<\/p>\n<p><strong>Length of trail: <\/strong>6,7 km<\/p>\n<p><strong>Duration:<\/strong> approx. 5 hours<\/p>\n<p><strong>Ascent:<\/strong> 900 altitude diff.<\/p>\n<p><strong>Start:<\/strong> Gab\u00fchel<\/p>\n<p><strong>Type:<\/strong> mountain tour at over 2000 m: challenging and with amazing views, a hike with an impressive panorama and summit victory<\/p>\n<p><strong>Tour description: <\/strong>You take the Hochmaisbahn in Hinterthal or the Gab\u00fchel-chair lift to the mountain station. From here on the forest hike with some steep descents leads you on the right (Hochmais) or on the left (Gab\u00fchel) from the mountain station to Lettenalm. Hiking time about 90 min. From here, follow the path up to the Marbachh\u00f6he. Afterwards some steeper climbs to the Klingspitz trail no. 14a. Hiking time 1,5 &#8211; 2 hours. From the Klingspitz summit, there is a steep descent along Trail no. 14 to the Hochkaser chapel (Hochkaseralm) \u2013 surefootedness is necessary here. Go along trail no. 55 and briefly following 55b, soon you will reach the Reicheralm below the Klingspitz and the Marbachh\u00f6he. It&#8217;s possible to walk down to Dienten (via Gr\u00fcnegg), to Hintermoos (via Lettenalm, Brandleiten) or to Hinterthal (via Gab\u00fchel\/Hochmaisbahn). Stops for refreshment are the Reicheralm, Lettenalm or Hochkaseralm.[\/vc_column_text][\/vc_column_inner][vc_column_inner width=&#34;1\/2&#8243;][vc_column_text]<\/p>\n<h5>K\u00f6nigsweg &#8211; 1<sup>st<\/sup> stage (Maria Alm &#8211; Dienten)<\/h5>\n<p><strong>Level of difficulty:<\/strong> difficult<\/p>\n<p><strong>Length of trail:<\/strong> 18,7 km<\/p>\n<p><strong>Duration:<\/strong> approx. 7,5 hours<\/p>\n<p><strong>Ascent:<\/strong> 1300 altitude diff.<\/p>\n<p><strong>Start:<\/strong> tourist office Maria Alm &#8211; finish at Dienten<\/p>\n<p><strong>Type:<\/strong> lovely staged hike with summit victory<\/p>\n<p><strong>Tour description:<\/strong> The tour leads over paths with amazing views from the Maria Alm up to Dienten and is the 1<sup>st<\/sup> stage of the K\u00f6nigsweg. Along the hike from one mountain pasture hut to the next it always takes you along the majestic and legendary Hochk\u00f6nig range. Unspoiled nature, abrupt cliff faces, gentle meadows, wide mountain pastures and magical forests are constant companions. Rating: worthwhile to hike![\/vc_column_text][\/vc_column_inner][\/vc_row_inner][\/vc_tta_section][\/vc_tta_accordion][\/vc_column][\/vc_row][vc_row][vc_column width=&#34;1\/3&#8243;][vc_column_text]<\/p>\n<p><span class=\"button-block\"><a href=\"https:\/\/www.hochkoenig.at\/de\/sommer\/wandern\/tourenportal.html#bm=oac%3Asummer&amp;cat=*&amp;filter=r-fullyTranslatedLangus-,r-onlyOpened-,sb-sortedBy-0&amp;ov=mtb&amp;zc=12,12.96833,47.40067\" target=\"_blank\" rel=\"noopener nofollow\">Interactive routing map<\/a><\/span><\/p>\n<p>[\/vc_column_text][\/vc_column][vc_column width=&#34;1\/3&#8243;][vc_column_text]<\/p>\n<p><span class=\"button-block\"><a href=\"https:\/\/www.salzburger-hof.at\/en\/activities-region-hochkoenig\/summer-holiday-countryside-of-salzburg-salzburger-land\/\">More summer activities<\/a><\/span><\/p>\n<p>[\/vc_column_text][\/vc_column][vc_column width=&#34;1\/3&#8243;][vc_column_text]<span class=\"button-block\"><a href=\"https:\/\/www.salzburger-hof.at\/en\/activities-region-hochkoenig\/sights-attractions\/\">Excursion destinations<\/a><\/span>[\/vc_column_text][\/vc_column][\/vc_row][vc_row full_width=&#34;stretch_row&#34; bg_type=&#34;bg_color&#34; bg_override=&#34;full&#34; bg_color_value=&#34;#b59d87&#8243; el_class=&#34;zitat&#34;][vc_column][vc_column_text]<\/p>\n<h5>\u201cThe senior boss as a passionate hiker and an enthusiastic &#34;mountain fox&#34; with knowledge about flora and fauna introduces our guests to the unspoiled nature.&#34;<\/h5>\n<p>[\/vc_column_text][\/vc_column][\/vc_row]<\/p>\n<\/div>","protected":false},"excerpt":{"rendered":"<p>[vc_row][vc_column][vc_column_text] Hiking holiday in Dienten, in the countryside of the Salzburger Land [\/vc_column_text][vc_column_text] Hiking in the area of the Hochk\u00f6nig [\/vc_column_text][\/vc_column][\/vc_row][vc_row][vc_column][vc_column_text] Experience unforgettable views from the majestic summits, discover the blooming intact nature, enjoy local food and beverages in traditionally-run alpine farms &#8211; a hiking holiday in Dienten am Hochk\u00f6nig in the Salzburger Land is [&hellip;]<\/p>\n","protected":false},"author":1,"featured_media":5952,"parent":2420,"menu_order":0,"comment_status":"closed","ping_status":"closed","template":"","meta":{"_acf_changed":false,"footnotes":""},"class_list":["post-2446","page","type-page","status-publish","has-post-thumbnail","hentry"],"acf":[],"_links":{"self":[{"href":"https:\/\/www.salzburger-hof.at\/en\/wp-json\/wp\/v2\/pages\/2446","targetHints":{"allow":["GET"]}}],"collection":[{"href":"https:\/\/www.salzburger-hof.at\/en\/wp-json\/wp\/v2\/pages"}],"about":[{"href":"https:\/\/www.salzburger-hof.at\/en\/wp-json\/wp\/v2\/types\/page"}],"author":[{"embeddable":true,"href":"https:\/\/www.salzburger-hof.at\/en\/wp-json\/wp\/v2\/users\/1"}],"replies":[{"embeddable":true,"href":"https:\/\/www.salzburger-hof.at\/en\/wp-json\/wp\/v2\/comments?post=2446"}],"version-history":[{"count":0,"href":"https:\/\/www.salzburger-hof.at\/en\/wp-json\/wp\/v2\/pages\/2446\/revisions"}],"up":[{"embeddable":true,"href":"https:\/\/www.salzburger-hof.at\/en\/wp-json\/wp\/v2\/pages\/2420"}],"wp:featuredmedia":[{"embeddable":true,"href":"https:\/\/www.salzburger-hof.at\/en\/wp-json\/wp\/v2\/media\/5952"}],"wp:attachment":[{"href":"https:\/\/www.salzburger-hof.at\/en\/wp-json\/wp\/v2\/media?parent=2446"}],"curies":[{"name":"wp","href":"https:\/\/api.w.org\/{rel}","templated":true}]}}